{"id":9,"date":"2013-05-31T21:18:02","date_gmt":"2013-05-31T19:18:02","guid":{"rendered":"http:\/\/wiegehtdasmitdemcloud.de\/?page_id=9"},"modified":"2019-12-13T18:38:56","modified_gmt":"2019-12-13T17:38:56","slug":"noch-ein-blog","status":"publish","type":"page","link":"https:\/\/vrealize.it\/de\/noch-ein-blog\/","title":{"rendered":"Disclaimer"},"content":{"rendered":"<p>Auf diesem Blog, wollen wir ein jede Menge&nbsp; Infos rund um die Themenbl\u00f6cke Security&nbsp; Hybrid- und Multi-Cloud Management L\u00f6sungen auf <strong>Deutsch<\/strong>&nbsp; und <strong>Englisch<\/strong> bereitstellen. Da es schwierig ist als einziger Autor einen TechBlog zu erstellen der aktuell ist und m\u00f6glichst viele aktuelle Themen beinhaltet, haben wir uns entschieden eine gemeinsame Plattform aufzusetzen. Es sind viele VMware Mitarbeiter die hier bloggen aber im Grunde genommen sind wir auch ach offen f\u00fcr weitere Tekkies aus dem \u00d6kosystem und der Partnerlandschaft rund um VMware.<\/p>\n<p>Der sehr gesch\u00e4tzte Ex-Kollege Tomas Baublys war damals federf\u00fchrend und hat die Seite 2014 aufgesetzt, hat sich aber dann irgendwann Richtung Splunk verabschiedet und mich gefragt ob ich die Seite \u00fcbernehmen w\u00fcrde. Der Community Blog war ein wenig eingeschlafen aber wird nun Ende 2019 wiederbelebt.<\/p>\n<p>Auch wenn wir mehrheitlich VMware-Mitarbeiter sind (oder waren), sollen hier pers\u00f6nliche Erfahrungen und Meinungen wiedergegeben werden. Wir sprechen als VMware Mitarbeiter aber nicht im Namen von VMware.<\/p>\n<p>Jeder Anschein von Objektivit\u00e4t ist allerdings nicht beabsichtigt. Wir sind von unseren L\u00f6sungen \u00fcberzeugt und wollen es auch nicht verbergen.<\/p>\n<p>Jeder der hier schreibt ist selber seines Ungl\u00fccks Schmied. Jeder, der Anleitungen von dieser Seite folgt und eventuellen Schaden verursacht ist f\u00fcr sein Handeln selbst verantwortlich. Wir hoffen aber, dass die Inhalte hilfreich sind!<\/p>\n<p>Im Namen der Autoren:<\/p>\n<p>Stephan Bohnengel<\/p>\n<h2><\/h2>\n<h2>&nbsp;******************************************************<\/h2>\n<h2>Haftungsausschluss:<\/h2>\n<p><strong>Haftung f\u00fcr Inhalte<\/strong><\/p>\n<p>Die Inhalte unserer Seiten wurden mit gr\u00f6\u00dfter Sorgfalt erstellt. F\u00fcr die Richtigkeit, Vollst\u00e4ndigkeit und Aktualit\u00e4t der Inhalte k\u00f6nnen wir jedoch keine Gew\u00e4hr \u00fcbernehmen. Als Diensteanbieter sind wir gem\u00e4\u00df \u00a7 7 Abs.1 TMG f\u00fcr eigene Inhalte auf diesen Seiten nach den allgemeinen Gesetzen verantwortlich. Nach \u00a7\u00a7 8 bis 10 TMG sind wir als Diensteanbieter jedoch nicht verpflichtet, \u00fcbermittelte oder gespeicherte fremde Informationen zu \u00fcberwachen oder nach Umst\u00e4nden zu forschen, die auf eine rechtswidrige T\u00e4tigkeit hinweisen. Verpflichtungen zur Entfernung oder Sperrung der Nutzung von Informationen nach den allgemeinen Gesetzen bleiben hiervon unber\u00fchrt. Eine diesbez\u00fcgliche Haftung ist jedoch erst ab dem Zeitpunkt der Kenntnis einer konkreten Rechtsverletzung m\u00f6glich. Bei Bekanntwerden von entsprechenden Rechtsverletzungen werden wir diese Inhalte umgehend entfernen.<\/p>\n<p><strong>Haftung f\u00fcr Links<\/strong><\/p>\n<p>Unser Angebot enth\u00e4lt Links zu externen Webseiten Dritter, auf deren Inhalte wir keinen Einfluss haben. Deshalb k\u00f6nnen wir f\u00fcr diese fremden Inhalte auch keine Gew\u00e4hr \u00fcbernehmen. F\u00fcr die Inhalte der verlinkten Seiten ist stets der jeweilige Anbieter oder Betreiber der Seiten verantwortlich. Die verlinkten Seiten wurden zum Zeitpunkt der Verlinkung auf m\u00f6gliche Rechtsverst\u00f6\u00dfe \u00fcberpr\u00fcft. Rechtswidrige Inhalte waren zum Zeitpunkt der Verlinkung nicht erkennbar. Eine permanente inhaltliche Kontrolle der verlinkten Seiten ist jedoch ohne konkrete Anhaltspunkte einer Rechtsverletzung nicht zumutbar. Bei Bekanntwerden von Rechtsverletzungen werden wir derartige Links umgehend entfernen.<\/p>\n<p><strong>Urheberrecht<\/strong><\/p>\n<p>Die durch die Seitenbetreiber erstellten Inhalte und Werke auf diesen Seiten unterliegen dem deutschen Urheberrecht. Die Vervielf\u00e4ltigung, Bearbeitung, Verbreitung und jede Art der Verwertung au\u00dferhalb der Grenzen des Urheberrechtes bed\u00fcrfen der schriftlichen Zustimmung des jeweiligen Autors bzw. Erstellers. Downloads und Kopien dieser Seite sind nur f\u00fcr den privaten, nicht kommerziellen Gebrauch gestattet. Soweit die Inhalte auf dieser Seite nicht vom Betreiber erstellt wurden, werden die Urheberrechte Dritter beachtet. Insbesondere werden Inhalte Dritter als solche gekennzeichnet. Sollten Sie trotzdem auf eine Urheberrechtsverletzung aufmerksam werden, bitten wir um einen entsprechenden Hinweis. Bei Bekanntwerden von Rechtsverletzungen werden wir derartige Inhalte umgehend entfernen.<\/p>\n<p><strong>Datenschutz<\/strong><\/p>\n<p>Die Nutzung unserer Webseite ist in der Regel ohne Angabe personenbezogener Daten m\u00f6glich. Soweit auf unseren Seiten personenbezogene Daten (beispielsweise Name, Anschrift oder eMail-Adressen) erhoben werden, erfolgt dies, soweit m\u00f6glich, stets auf freiwilliger Basis. Diese Daten werden ohne Ihre ausdr\u00fcckliche Zustimmung nicht an Dritte weitergegeben.<\/p>\n<p>Wir weisen darauf hin, dass die Daten\u00fcbertragung im Internet (z.B. bei der Kommunikation per E-Mail) Sicherheitsl\u00fccken aufweisen kann. Ein l\u00fcckenloser Schutz der Daten vor dem Zugriff durch Dritte ist nicht m\u00f6glich.<\/p>\n<p>Der Nutzung von im Rahmen der Impressumspflicht ver\u00f6ffentlichten Kontaktdaten durch Dritte zur \u00dcbersendung von nicht ausdr\u00fccklich angeforderter Werbung und Informationsmaterialien wird hiermit ausdr\u00fccklich widersprochen. Die Betreiber der Seiten behalten sich ausdr\u00fccklich rechtliche Schritte im Falle der unverlangten Zusendung von Werbeinformationen, etwa durch Spam-Mails, vor.<\/p>\n<p><i>Quellenangaben:&nbsp;<a href=\"http:\/\/www.e-recht24.de\/muster-disclaimer.htm\" target=\"_blank\" rel=\"noopener noreferrer\">eRecht24 Disclaimer<\/a><\/i><\/p>\n","protected":false},"excerpt":{"rendered":"<p>Auf diesem Blog, wollen wir ein jede Menge&nbsp; Infos rund um die Themenbl\u00f6cke Security&nbsp; Hybrid- und Multi-Cloud Management L\u00f6sungen auf Deutsch&nbsp; und Englisch bereitstellen. Da es schwierig ist als einziger Autor einen TechBlog zu erstellen der aktuell ist und m\u00f6glichst viele aktuelle Themen beinhaltet, haben wir uns entschieden eine gemeinsame Plattform aufzusetzen. Es sind viele\u2026 <span class=\"read-more\"><a href=\"https:\/\/vrealize.it\/de\/noch-ein-blog\/\">Weiterlesen &raquo;<\/a><\/span><\/p>\n","protected":false},"author":1,"featured_media":0,"parent":0,"menu_order":0,"comment_status":"open","ping_status":"open","template":"","meta":{"_exactmetrics_skip_tracking":false,"_exactmetrics_sitenote_active":false,"_exactmetrics_sitenote_note":"","_exactmetrics_sitenote_category":0,"footnotes":""},"class_list":["post-9","page","type-page","status-publish","hentry"],"yoast_head":"<!-- This site is optimized with the Yoast SEO plugin v27.4 - https:\/\/yoast.com\/product\/yoast-seo-wordpress\/ -->\n<title>Disclaimer &#187; vrealize.it - TechBlog VMware SDDC<\/title>\n<meta name=\"robots\" content=\"index, follow, max-snippet:-1, max-image-preview:large, max-video-preview:-1\" \/>\n<link rel=\"canonical\" href=\"https:\/\/vrealize.it\/de\/noch-ein-blog\/\" \/>\n<meta property=\"og:locale\" content=\"de_DE\" \/>\n<meta property=\"og:type\" content=\"article\" \/>\n<meta property=\"og:title\" content=\"Disclaimer &#187; vrealize.it - TechBlog VMware SDDC\" \/>\n<meta property=\"og:description\" content=\"Auf diesem Blog, wollen wir ein jede Menge&nbsp; Infos rund um die Themenbl\u00f6cke Security&nbsp; Hybrid- und Multi-Cloud Management L\u00f6sungen auf Deutsch&nbsp; und Englisch bereitstellen. Da es schwierig ist als einziger Autor einen TechBlog zu erstellen der aktuell ist und m\u00f6glichst viele aktuelle Themen beinhaltet, haben wir uns entschieden eine gemeinsame Plattform aufzusetzen. Es sind viele\u2026 Weiterlesen &raquo;\" \/>\n<meta property=\"og:url\" content=\"https:\/\/vrealize.it\/de\/noch-ein-blog\/\" \/>\n<meta property=\"og:site_name\" content=\"vrealize.it - TechBlog VMware SDDC\" \/>\n<meta property=\"article:modified_time\" content=\"2019-12-13T17:38:56+00:00\" \/>\n<meta name=\"twitter:card\" content=\"summary_large_image\" \/>\n<meta name=\"twitter:label1\" content=\"Gesch\u00e4tzte Lesezeit\" \/>\n\t<meta name=\"twitter:data1\" content=\"3\u00a0Minuten\" \/>\n<script type=\"application\/ld+json\" class=\"yoast-schema-graph\">{\"@context\":\"https:\\\/\\\/schema.org\",\"@graph\":[{\"@type\":\"WebPage\",\"@id\":\"https:\\\/\\\/vrealize.it\\\/de\\\/noch-ein-blog\\\/\",\"url\":\"https:\\\/\\\/vrealize.it\\\/de\\\/noch-ein-blog\\\/\",\"name\":\"Disclaimer &#187; vrealize.it - TechBlog VMware SDDC\",\"isPartOf\":{\"@id\":\"https:\\\/\\\/vrealize.it\\\/de\\\/#website\"},\"datePublished\":\"2013-05-31T19:18:02+00:00\",\"dateModified\":\"2019-12-13T17:38:56+00:00\",\"breadcrumb\":{\"@id\":\"https:\\\/\\\/vrealize.it\\\/de\\\/noch-ein-blog\\\/#breadcrumb\"},\"inLanguage\":\"de\",\"potentialAction\":[{\"@type\":\"ReadAction\",\"target\":[\"https:\\\/\\\/vrealize.it\\\/de\\\/noch-ein-blog\\\/\"]}]},{\"@type\":\"BreadcrumbList\",\"@id\":\"https:\\\/\\\/vrealize.it\\\/de\\\/noch-ein-blog\\\/#breadcrumb\",\"itemListElement\":[{\"@type\":\"ListItem\",\"position\":1,\"name\":\"Startseite\",\"item\":\"https:\\\/\\\/vrealize.it\\\/de\\\/\"},{\"@type\":\"ListItem\",\"position\":2,\"name\":\"Disclaimer\"}]},{\"@type\":\"WebSite\",\"@id\":\"https:\\\/\\\/vrealize.it\\\/de\\\/#website\",\"url\":\"https:\\\/\\\/vrealize.it\\\/de\\\/\",\"name\":\"vrealize.it - TechBlog VMware SDDC\",\"description\":\"Information zu sicherem Hybrid und Multi-Cloud Computing - dispruptive Technologien im IT- Umfeld\",\"potentialAction\":[{\"@type\":\"SearchAction\",\"target\":{\"@type\":\"EntryPoint\",\"urlTemplate\":\"https:\\\/\\\/vrealize.it\\\/de\\\/?s={search_term_string}\"},\"query-input\":{\"@type\":\"PropertyValueSpecification\",\"valueRequired\":true,\"valueName\":\"search_term_string\"}}],\"inLanguage\":\"de\"}]}<\/script>\n<!-- \/ Yoast SEO plugin. -->","yoast_head_json":{"title":"Disclaimer &#187; vrealize.it - TechBlog VMware SDDC","robots":{"index":"index","follow":"follow","max-snippet":"max-snippet:-1","max-image-preview":"max-image-preview:large","max-video-preview":"max-video-preview:-1"},"canonical":"https:\/\/vrealize.it\/de\/noch-ein-blog\/","og_locale":"de_DE","og_type":"article","og_title":"Disclaimer &#187; vrealize.it - TechBlog VMware SDDC","og_description":"Auf diesem Blog, wollen wir ein jede Menge&nbsp; Infos rund um die Themenbl\u00f6cke Security&nbsp; Hybrid- und Multi-Cloud Management L\u00f6sungen auf Deutsch&nbsp; und Englisch bereitstellen. Da es schwierig ist als einziger Autor einen TechBlog zu erstellen der aktuell ist und m\u00f6glichst viele aktuelle Themen beinhaltet, haben wir uns entschieden eine gemeinsame Plattform aufzusetzen. Es sind viele\u2026 Weiterlesen &raquo;","og_url":"https:\/\/vrealize.it\/de\/noch-ein-blog\/","og_site_name":"vrealize.it - TechBlog VMware SDDC","article_modified_time":"2019-12-13T17:38:56+00:00","twitter_card":"summary_large_image","twitter_misc":{"Gesch\u00e4tzte Lesezeit":"3\u00a0Minuten"},"schema":{"@context":"https:\/\/schema.org","@graph":[{"@type":"WebPage","@id":"https:\/\/vrealize.it\/de\/noch-ein-blog\/","url":"https:\/\/vrealize.it\/de\/noch-ein-blog\/","name":"Disclaimer &#187; vrealize.it - TechBlog VMware SDDC","isPartOf":{"@id":"https:\/\/vrealize.it\/de\/#website"},"datePublished":"2013-05-31T19:18:02+00:00","dateModified":"2019-12-13T17:38:56+00:00","breadcrumb":{"@id":"https:\/\/vrealize.it\/de\/noch-ein-blog\/#breadcrumb"},"inLanguage":"de","potentialAction":[{"@type":"ReadAction","target":["https:\/\/vrealize.it\/de\/noch-ein-blog\/"]}]},{"@type":"BreadcrumbList","@id":"https:\/\/vrealize.it\/de\/noch-ein-blog\/#breadcrumb","itemListElement":[{"@type":"ListItem","position":1,"name":"Startseite","item":"https:\/\/vrealize.it\/de\/"},{"@type":"ListItem","position":2,"name":"Disclaimer"}]},{"@type":"WebSite","@id":"https:\/\/vrealize.it\/de\/#website","url":"https:\/\/vrealize.it\/de\/","name":"vrealize.it - TechBlog VMware SDDC","description":"Information zu sicherem Hybrid und Multi-Cloud Computing - dispruptive Technologien im IT- Umfeld","potentialAction":[{"@type":"SearchAction","target":{"@type":"EntryPoint","urlTemplate":"https:\/\/vrealize.it\/de\/?s={search_term_string}"},"query-input":{"@type":"PropertyValueSpecification","valueRequired":true,"valueName":"search_term_string"}}],"inLanguage":"de"}]}},"_links":{"self":[{"href":"https:\/\/vrealize.it\/de\/wp-json\/wp\/v2\/pages\/9","targetHints":{"allow":["GET"]}}],"collection":[{"href":"https:\/\/vrealize.it\/de\/wp-json\/wp\/v2\/pages"}],"about":[{"href":"https:\/\/vrealize.it\/de\/wp-json\/wp\/v2\/types\/page"}],"author":[{"embeddable":true,"href":"https:\/\/vrealize.it\/de\/wp-json\/wp\/v2\/users\/1"}],"replies":[{"embeddable":true,"href":"https:\/\/vrealize.it\/de\/wp-json\/wp\/v2\/comments?post=9"}],"version-history":[{"count":18,"href":"https:\/\/vrealize.it\/de\/wp-json\/wp\/v2\/pages\/9\/revisions"}],"predecessor-version":[{"id":3873,"href":"https:\/\/vrealize.it\/de\/wp-json\/wp\/v2\/pages\/9\/revisions\/3873"}],"wp:attachment":[{"href":"https:\/\/vrealize.it\/de\/wp-json\/wp\/v2\/media?parent=9"}],"curies":[{"name":"wp","href":"https:\/\/api.w.org\/{rel}","templated":true}]}}