{"id":2289,"date":"2016-01-22T11:10:53","date_gmt":"2016-01-22T10:10:53","guid":{"rendered":"http:\/\/vrealize.it\/?page_id=2289"},"modified":"2016-01-22T11:47:22","modified_gmt":"2016-01-22T10:47:22","slug":"faq-vr-ops-haeufig-gestellte-fragen","status":"publish","type":"page","link":"https:\/\/vrealize.it\/de\/faq-vr-ops-haeufig-gestellte-fragen\/","title":{"rendered":"FAQ vR Ops &#8211; H\u00e4ufig gestellte Fragen"},"content":{"rendered":"<p>&nbsp;<\/p>\n<table style=\"height: 233px; border-color: #1e167a; background-color: #f2f0d8;\" border=\"1\" width=\"953\">\n<thead>\n<tr>\n<td style=\"width: 550px; background-color: #baebb2;\" colspan=\"2\"><strong>Planung, Installation und Konfiguration<\/strong><\/td>\n<\/tr>\n<tr>\n<td style=\"width: 400px;\"><strong>Download Link f\u00fcr vRealize Operations Manager 6.x?<\/strong><\/td>\n<td>Hier:\u00a0<a href=\"https:\/\/my.vmware.com\/group\/vmware\/info?slug=infrastructure_operations_management\/vmware_vrealize_operations\/6_1\">https:\/\/my.vmware.com\/group\/vmware\/info?slug=infrastructure_operations_management\/vmware_vrealize_operations\/6_1<\/a><\/td>\n<\/tr>\n<tr>\n<td style=\"width: 400px;\"><strong>Kann ich die Software testen bevor ich es installiere \/ kaufe?<\/strong><\/td>\n<td>Ja es gibt sowohl eine Evaluationsversion als auch mehrere\u00a0\u00a0Hands-On-Labs zu vR Ops\u00a0<a href=\"https:\/\/www.vmware.com\/products\/vrealize-operations\/vrops-hol\" target=\"_blank\">https:\/\/www.vmware.com\/products\/vrealize-operations\/vrops-hol<\/a><\/p>\n<p>Insbesondere\u00a0<a href=\"http:\/\/labs.hol.vmware.com\/HOL\/catalogs\/lab\/2117\">HOL-SDC-1601 Cloud Management with vRealize Operations Insight<\/a>\u00a0 ist zu empfehlen.<\/td>\n<\/tr>\n<tr>\n<td style=\"width: 400px;\"><strong>Was muss ich vor der Installation beachten und wo bekomme ich die Software her?<\/strong><\/td>\n<td>Siehe:\u00a0<a href=\"http:\/\/wiegehtdasmitdemcloud.de\/2014\/12\/10\/vrealize-operations-manager-6-erste-schritte\/\">http:\/\/wiegehtdasmitdemcloud.de\/2014\/12\/10\/vrealize-operations-manager-6-erste-schritte\/<\/a><\/td>\n<\/tr>\n<tr>\n<td style=\"width: 400px;\"><strong>Wo finde ich die Dokumentation?<\/strong><\/td>\n<td>Siehe:\u00a0<a href=\"http:\/\/pubs.vmware.com\/vrealizeoperationsmanager-61\/index.jsp\" target=\"_blank\">http:\/\/pubs.vmware.com\/vrealizeoperationsmanager-61\/index.jsp<\/a><\/td>\n<\/tr>\n<tr>\n<td style=\"width: 400px;\"><strong>Worin unterscheiden sich\u00a0Editionen?<\/strong><\/td>\n<td>Siehe:\u00a0<a style=\"font-family: inherit; font-size: inherit;\" href=\"https:\/\/www.vmware.com\/products\/vrealize-operations\/compare\" target=\"_blank\">https:\/\/www.vmware.com\/products\/vrealize-operations\/compare<\/a><\/td>\n<\/tr>\n<tr>\n<td style=\"width: 400px;\"><strong>Kann ich Standard und Advanced Lizenzen auf einer Installation mischen?<\/strong><\/td>\n<td>Nein<\/td>\n<\/tr>\n<tr>\n<td style=\"width: 400px;\"><strong>Kann ich Advanced und Enterprise Lizenzen auf einer Installation mischen?<\/strong><\/td>\n<td>Ja, durch Erstellung der Gruppen und Zuweisung der Lizenzen.<\/td>\n<\/tr>\n<tr>\n<td style=\"width: 400px;\">\u00a0<strong>Was sind die von vR Ops ben\u00f6tigten Minimalrechte in vSphere?<\/strong><\/td>\n<td>Siehe: \u00a0<a href=\"http:\/\/vrealize.it\/2015\/11\/20\/wer-hat-recht-und-vor-allem-wie-viel\/\" target=\"_blank\">http:\/\/vrealize.it\/2015\/11\/20\/wer-hat-recht-und-vor-allem-wie-viel\/<\/a><\/td>\n<\/tr>\n<tr>\n<td style=\"width: 400px;\"><strong>\u00a0Gibt es ein Sizing-Guide f\u00fcr vRealize Operations?<\/strong><\/td>\n<td>\u00a0<a href=\"https:\/\/www.google.de\/url?sa=t&amp;rct=j&amp;q=&amp;esrc=s&amp;source=web&amp;cd=2&amp;ved=0ahUKEwj9s9WTqqzKAhUG9g4KHeVaDkMQFggnMAE&amp;url=http%3A%2F%2Fkb.vmware.com%2Fkb%2F2130551&amp;usg=AFQjCNHerbd-c35IIhMGgCyrS344kfoptA&amp;sig2=_wnQnyi8-AauGkTyYAc07A\">vRealize Operations Manager 6.1 Sizing Guidelines<\/a><\/td>\n<\/tr>\n<tr>\n<td style=\"width: 400px;\">\u00a0<strong>Gibt es eine Schritt-f\u00fcr-Schritt-Anleitung zur Installation von vR Ops 6?<\/strong><\/td>\n<td>Ja, hier: \u00a0<a href=\"http:\/\/vrealize.it\/2015\/02\/06\/vrops6_installation\/\" target=\"_blank\">\u00a0http:\/\/vrealize.it\/2015\/02\/06\/vrops6_installation\/<\/a><\/td>\n<\/tr>\n<tr>\n<td style=\"width: 400px;\"><strong>Wie schalte ich den SSH-Zugang zu vR Ops ein?<\/strong><\/td>\n<td>Siehe KB Artikel: \u00a0<a href=\"http:\/\/kb.vmware.com\/selfservice\/microsites\/search.do?language=en_US&amp;cmd=displayKC&amp;externalId=2100515\">Enabling SSH access in VMware vRealize Operations Manager 6.0.x (2100515)<\/a><\/td>\n<\/tr>\n<tr>\n<td style=\"width: 400px;\"><strong>Was ist bei der Installation noch zu beachten?<\/strong><\/td>\n<td>Festplattenkapazit\u00e4t und I\/O. Virtuelle Appliance\/Node wird\u00a0mit ca. 250GB f\u00fcr die Daten angelegt. Ausreichend f\u00fcr ca. 1000 VM&#8217;s.\u00a0Mehr VM&#8217;s oder zus\u00e4tzliche Management Packs ben\u00f6tigen mehr\u00a0Kapazit\u00e4t und somit\u00a0weitere Festplatten. Darauf achten das Platten in max. Gr\u00f6\u00dfen von 500GB hinzugef\u00fcgt werden und dann auf unabh\u00e4ngigen physischen Platten liegen. Stichwort I\/O.<br \/>\n<a href=\"http:\/\/kb.vmware.com\/selfservice\/microsites\/search.do?language=en_US&amp;cmd=displayKC&amp;externalId=2016022\" target=\"_blank\">Add additional storage to vROps VA<\/a><\/td>\n<\/tr>\n<tr>\n<td style=\"width: 400px;\"><strong>Kann ich den Hostnamen der virtual Appliance\/ einer Node \u00e4ndern?<\/strong><\/td>\n<td>Ja. N\u00e4here Details finden sich hier<br \/>\n<a href=\"http:\/\/kb.vmware.com\/selfservice\/microsites\/search.do?language=en_US&amp;cmd=displayKC&amp;externalId=2108689\" target=\"_blank\">Change a node hostname<\/a><\/td>\n<\/tr>\n<tr>\n<td style=\"width: 400px;\"><strong>Kann ich einen Knoten (Node) aus dem Cluster entfernen?\u00a0<\/strong><\/td>\n<td>Ja siehe KB Artikel: \u00a0<a style=\"font-family: inherit; font-size: inherit;\" href=\"http:\/\/kb.vmware.com\/selfservice\/microsites\/search.do?cmd=displayKC&amp;docType=kc&amp;externalId=2107711&amp;sliceId=1&amp;docTypeID=DT_KB_1_1&amp;dialogID=929041560&amp;stateId=0%200%20929049566\">Removing a node from a VMware vRealize Operations Manager 6.x cluster(2107711)<\/a><\/td>\n<\/tr>\n<tr>\n<td style=\"width: 400px;\"><strong>Ist das ausgew\u00e4hlte Management Profil wichtig und kann ich dieses \u00e4ndern?<\/strong><\/td>\n<td>Ja. Das Profil bestimmt wie z.B. Kapazit\u00e4ten berechnet werden. Wenn ich z.B. Kapazit\u00e4ten so betrachten m\u00f6chte wie diese provisioniert wurden statt den tats\u00e4chlichen Verbrauch zu betrachten. Die Einstellung ist bei der Installation erstmal f\u00fcr die komplette Umgebung, kann danach aber angepasst werden.<\/td>\n<\/tr>\n<tr>\n<td style=\"width: 400px;\"><b>Warum bekomme ich bei Trend-Views die Meldung &#8220;The selected Object is not applicable&#8221;<\/b><\/td>\n<td>Trend-View ist leider nur auf dem &#8220;self&#8221; Objekt m\u00f6glich und nicht auf \u00fcbergeordneten Objekten. Das heisse eine Trend-View f\u00fcr eine VM wird nur auf einem VM-Objekt angezeigt und nicht f\u00fcr ein Parent-Object (Host, Cluster..).<\/p>\n<p>Siehe auch:<br \/>\n<a href=\"http:\/\/kb.vmware.com\/selfservice\/microsites\/search.do?cmd=displayKC&amp;docType=kc&amp;externalId=2123145&amp;sliceId=1&amp;docTypeID=DT_KB_1_1&amp;dialogID=929041560&amp;stateId=0%200%20929049566\">Cannot run a Trend View report with custom groups in VMware vRealize Operations Manager 6.x\u00a0(2123145<\/a>)<\/td>\n<\/tr>\n<tr>\n<td style=\"width: 400px;\"><strong>Wie richte ich Benachritigungen (Notifications) ein?<\/strong><\/td>\n<td><a href=\"http:\/\/vrealize.it\/2015\/09\/30\/notify-me-notification-einrichten\/\">http:\/\/vrealize.it\/2015\/09\/30\/notify-me-notification-einrichten\/<\/a><\/td>\n<\/tr>\n<tr>\n<td style=\"width: 400px;\"><strong>Wie weise ich einem Benutzer ein bestimmtes Dashboard zu und verstecke alles andere?<\/strong><\/td>\n<td><a href=\"http:\/\/vrealize.it\/2015\/12\/11\/der-benutzer-und-sein-dashboard\/\">http:\/\/vrealize.it\/2015\/12\/11\/der-benutzer-und-sein-dashboard\/<\/a><\/td>\n<\/tr>\n<tr>\n<td style=\"width: 400px;\"><strong>Wie schalte ich vSphere Hardening Guide Compliance Pr\u00fcfung ein und wie passe ich diese an?\u00a0<\/strong><\/td>\n<td><a href=\"https:\/\/blogs.vmware.com\/management\/2015\/03\/compliance-in-vrealize-operations-6.html\">https:\/\/blogs.vmware.com\/management\/2015\/03\/compliance-in-vrealize-operations-6.html<\/a><\/td>\n<\/tr>\n<tr>\n<td style=\"width: 400px;\"><strong>Wo kann ich die Adapter und die Management Packs f\u00fcr vR Ops herunterladen?<\/strong><\/td>\n<td>Die Adapter sind auf <a href=\"https:\/\/solutionexchange.vmware.com\/store\/category_groups\/cloud-management\">solutionexchange.vmware.com\u00a0<\/a><\/td>\n<\/tr>\n<tr>\n<td style=\"width: 400px;\"><strong>Kann ich Dashboards \/ Views \/ Reports exportieren und an anderer Stelle importieren?\u00a0<\/strong><\/td>\n<td>Ja, funktioniert mit wenigen Klicks hervorragend, siehe Beispiel:\u00a0<a href=\"http:\/\/vrealize.it\/2015\/04\/29\/kapazitaetsplanungsdashboard-in-3-minuten\/\">http:\/\/vrealize.it\/2015\/04\/29\/kapazitaetsplanungsdashboard-in-3-minuten\/<\/a><\/td>\n<\/tr>\n<tr>\n<td style=\"width: 400px;\"><strong>Kann ich bei Reports mein Firmenlogo einbauen?<\/strong><\/td>\n<td>Ja, siehe\u00a0\u00a0<a href=\"http:\/\/vrealize.it\/2015\/01\/15\/alles-logo\/\">http:\/\/vrealize.it\/2015\/01\/15\/alles-logo\/<\/a><\/td>\n<\/tr>\n<tr>\n<td style=\"width: 550px; background-color: #baebb2;\" colspan=\"2\"><b>OS Agent &#8211; EPOPS (End Point Operating System Agent)<\/b><\/td>\n<\/tr>\n<\/thead>\n<tbody>\n<tr style=\"background-color: #f7ebeb; border-color: #260505;\">\n<td style=\"width: 400px;\"><strong>Wie installiere ich den Linux EPOPS Agent<\/strong><\/td>\n<td><a href=\"http:\/\/vrealize.it\/2015\/09\/16\/epops-installation-des-linux-agenten\/\">http:\/\/vrealize.it\/2015\/09\/16\/epops-installation-des-linux-agenten\/<\/a><\/td>\n<\/tr>\n<tr style=\"background-color: #f7ebeb; border-color: #260505;\">\n<td style=\"width: 400px;\"><strong>Wie installiere ich den Windows EPOPS Agent<\/strong><\/td>\n<td><a href=\"http:\/\/vrealize.it\/2015\/09\/16\/epops-installation-des-windows-agenten\/\">http:\/\/vrealize.it\/2015\/09\/16\/epops-installation-des-windows-agenten\/<\/a><\/td>\n<\/tr>\n<tr style=\"background-color: #f7ebeb; border-color: #260505;\">\n<td style=\"width: 400px;\"><strong>Wie kann ich einen Windows-Service mit EPOPS Agent \u00fcberwachen<\/strong><\/td>\n<td><a href=\"http:\/\/vrealize.it\/2015\/09\/26\/geheim-dienste-ueberwachen\/\">http:\/\/vrealize.it\/2015\/09\/26\/geheim-dienste-ueberwachen\/<\/a><\/td>\n<\/tr>\n<tr style=\"background-color: #f7ebeb; border-color: #260505;\">\n<td style=\"width: 400px;\"><strong>\u00a0Wie kann ich eigene Skript\u00fcberwachung an EPOPS Agen anbinden?\u00a0<\/strong><\/td>\n<td><a href=\"http:\/\/vrealize.it\/2014\/09\/17\/aktienkurse-im-vc-ops\/\">\u00a0http:\/\/vrealize.it\/2015\/09\/17\/devisenkurse-im-vr-ops-skriptueberwachung-mit-dem-epops-agent\/<\/a><\/td>\n<\/tr>\n<tr style=\"background-color: #f7ebeb; border-color: #260505;\">\n<td style=\"width: 400px;\">\u00a0<strong>Kann ich von einem EPOPS Agent aus remote Ports, Hosts oder Webseiten \u00fcberwachen?<\/strong><\/td>\n<td>\u00a0Ja ein EPOPS Agent auf Linux oder Windows kann remote checks ( HTTP und TCP von Windows aus ICMP, HTTP und TCP von Linux aus) ausf\u00fchren. Damit kann man remote \u00fcberwachen, ob eine Anwendung verf\u00fcgbar ist. Siehe <a href=\"http:\/\/pubs.vmware.com\/vrealizeoperationsmanager-61\/index.jsp#com.vmware.vcom.core.doc\/GUID-973ABECF-3B34-4C93-B421-7329E5BBD3E8.html?resultof=%2522%2572%2565%256d%256f%2574%2565%2522%2520%2522%2572%2565%256d%256f%2574%2522%2520%2522%2563%2568%2565%2563%256b%2522%2520\">Dokumentation<\/a><\/td>\n<\/tr>\n<tr>\n<td style=\"width: 550px; background-color: #baebb2;\" colspan=\"2\"><b>REST API<\/b><\/td>\n<\/tr>\n<tr style=\"border-color: #140303; background-color: #d3f5f3;\">\n<td style=\"width: 400px; text-align: left;\">\u00a0<strong>Wo finde ich Dokumentation und Beispiele zu der vR Ops REST API?<\/strong><\/td>\n<td style=\"width: 400px; text-align: left;\">\n<p class=\"\">\u00a0Die Dokumentation der REST API mit vielen Beispielen und mit JAVA, Python und Ruby Clients befindet sich auf dem vR Ops Server, einfach die IP von vR Ops + &#8220;\/suite-api&#8221; eingeben:\u00a0https:\/\/MEIN-VROPS\/suite-api\/<\/p>\n<\/td>\n<\/tr>\n<tr style=\"border-color: #140303; background-color: #d3f5f3;\">\n<td style=\"width: 400px;\">\u00a0<strong>Wie l\u00f6sche ich Alarme \u00fcber die REST API?<\/strong><\/td>\n<td>\u00a0Siehe\u00a0\u00a0\u00a0<a href=\"http:\/\/vrealize.it\/2015\/11\/10\/alarm-alarm-die-huette-brennt\/\">http:\/\/vrealize.it\/2015\/11\/10\/alarm-alarm-die-huette-brennt\/<\/a><\/td>\n<\/tr>\n<tr style=\"border-color: #140303; background-color: #d3f5f3;\">\n<td style=\"width: 400px;\">\u00a0<strong>Wie kann ich die Namen der Metriken \u00fcber REST API abfragen?<\/strong><\/td>\n<td>\u00a0Siehe\u00a0<a href=\"http:\/\/vrealize.it\/2015\/03\/06\/metric-config-und-metrik-namen-advanced\/\">\u00a0http:\/\/wiegehtdasmitdemcloud.de\/2015\/03\/06\/metric-config-und-metrik-namen-advanced\/<\/a><\/td>\n<\/tr>\n<tr style=\"border-color: #140303; background-color: #d3f5f3;\">\n<td style=\"width: 400px;\"><\/td>\n<td><\/td>\n<\/tr>\n<tr style=\"border-color: #140303; background-color: #d3f5f3;\">\n<td style=\"width: 400px;\"><\/td>\n<td><\/td>\n<\/tr>\n<tr style=\"border-color: #140303; background-color: #d3f5f3;\">\n<td style=\"width: 400px;\"><\/td>\n<td><\/td>\n<\/tr>\n<\/tbody>\n<\/table>\n<p>&nbsp;<\/p>\n","protected":false},"excerpt":{"rendered":"<p>&nbsp; Planung, Installation und Konfiguration Download Link f\u00fcr vRealize Operations Manager 6.x? Hier:\u00a0https:\/\/my.vmware.com\/group\/vmware\/info?slug=infrastructure_operations_management\/vmware_vrealize_operations\/6_1 Kann ich die Software testen bevor ich es installiere \/ kaufe? Ja es gibt sowohl eine Evaluationsversion als auch mehrere\u00a0\u00a0Hands-On-Labs zu vR Ops\u00a0https:\/\/www.vmware.com\/products\/vrealize-operations\/vrops-hol Insbesondere\u00a0HOL-SDC-1601 Cloud Management with vRealize Operations Insight\u00a0 ist zu empfehlen. Was muss ich vor der Installation beachten und wo\u2026 <span class=\"read-more\"><a href=\"https:\/\/vrealize.it\/de\/faq-vr-ops-haeufig-gestellte-fragen\/\">Weiterlesen &raquo;<\/a><\/span><\/p>\n","protected":false},"author":3,"featured_media":2198,"parent":0,"menu_order":0,"comment_status":"closed","ping_status":"closed","template":"page-templates\/full-width.php","meta":{"_exactmetrics_skip_tracking":false,"_exactmetrics_sitenote_active":false,"_exactmetrics_sitenote_note":"","_exactmetrics_sitenote_category":0,"footnotes":""},"class_list":["post-2289","page","type-page","status-publish","has-post-thumbnail","hentry"],"yoast_head":"<!-- This site is optimized with the Yoast SEO plugin v27.4 - https:\/\/yoast.com\/product\/yoast-seo-wordpress\/ -->\n<title>FAQ vR Ops - H\u00e4ufig gestellte Fragen &#187; vrealize.it - TechBlog VMware SDDC<\/title>\n<meta name=\"robots\" content=\"index, follow, max-snippet:-1, max-image-preview:large, max-video-preview:-1\" \/>\n<link rel=\"canonical\" href=\"https:\/\/vrealize.it\/de\/faq-vr-ops-haeufig-gestellte-fragen\/\" \/>\n<meta property=\"og:locale\" content=\"de_DE\" \/>\n<meta property=\"og:type\" content=\"article\" \/>\n<meta property=\"og:title\" content=\"FAQ vR Ops - H\u00e4ufig gestellte Fragen &#187; vrealize.it - TechBlog VMware SDDC\" \/>\n<meta property=\"og:description\" content=\"&nbsp; Planung, Installation und Konfiguration Download Link f\u00fcr vRealize Operations Manager 6.x? Hier:\u00a0https:\/\/my.vmware.com\/group\/vmware\/info?slug=infrastructure_operations_management\/vmware_vrealize_operations\/6_1 Kann ich die Software testen bevor ich es installiere \/ kaufe? Ja es gibt sowohl eine Evaluationsversion als auch mehrere\u00a0\u00a0Hands-On-Labs zu vR Ops\u00a0https:\/\/www.vmware.com\/products\/vrealize-operations\/vrops-hol Insbesondere\u00a0HOL-SDC-1601 Cloud Management with vRealize Operations Insight\u00a0 ist zu empfehlen. Was muss ich vor der Installation beachten und wo\u2026 Weiterlesen &raquo;\" \/>\n<meta property=\"og:url\" content=\"https:\/\/vrealize.it\/de\/faq-vr-ops-haeufig-gestellte-fragen\/\" \/>\n<meta property=\"og:site_name\" content=\"vrealize.it - TechBlog VMware SDDC\" \/>\n<meta property=\"article:modified_time\" content=\"2016-01-22T10:47:22+00:00\" \/>\n<meta property=\"og:image\" content=\"https:\/\/vrealize.it\/wp-content\/uploads\/2016\/01\/vrealize.png\" \/>\n\t<meta property=\"og:image:width\" content=\"345\" \/>\n\t<meta property=\"og:image:height\" content=\"413\" \/>\n\t<meta property=\"og:image:type\" content=\"image\/png\" \/>\n<meta name=\"twitter:card\" content=\"summary_large_image\" \/>\n<meta name=\"twitter:label1\" content=\"Gesch\u00e4tzte Lesezeit\" \/>\n\t<meta name=\"twitter:data1\" content=\"4\u00a0Minuten\" \/>\n<script type=\"application\/ld+json\" class=\"yoast-schema-graph\">{\"@context\":\"https:\\\/\\\/schema.org\",\"@graph\":[{\"@type\":\"WebPage\",\"@id\":\"https:\\\/\\\/vrealize.it\\\/de\\\/faq-vr-ops-haeufig-gestellte-fragen\\\/\",\"url\":\"https:\\\/\\\/vrealize.it\\\/de\\\/faq-vr-ops-haeufig-gestellte-fragen\\\/\",\"name\":\"FAQ vR Ops - H\u00e4ufig gestellte Fragen &#187; vrealize.it - TechBlog VMware SDDC\",\"isPartOf\":{\"@id\":\"https:\\\/\\\/vrealize.it\\\/de\\\/#website\"},\"primaryImageOfPage\":{\"@id\":\"https:\\\/\\\/vrealize.it\\\/de\\\/faq-vr-ops-haeufig-gestellte-fragen\\\/#primaryimage\"},\"image\":{\"@id\":\"https:\\\/\\\/vrealize.it\\\/de\\\/faq-vr-ops-haeufig-gestellte-fragen\\\/#primaryimage\"},\"thumbnailUrl\":\"https:\\\/\\\/vrealize.it\\\/wp-content\\\/uploads\\\/2016\\\/01\\\/vrealize.png\",\"datePublished\":\"2016-01-22T10:10:53+00:00\",\"dateModified\":\"2016-01-22T10:47:22+00:00\",\"breadcrumb\":{\"@id\":\"https:\\\/\\\/vrealize.it\\\/de\\\/faq-vr-ops-haeufig-gestellte-fragen\\\/#breadcrumb\"},\"inLanguage\":\"de\",\"potentialAction\":[{\"@type\":\"ReadAction\",\"target\":[\"https:\\\/\\\/vrealize.it\\\/de\\\/faq-vr-ops-haeufig-gestellte-fragen\\\/\"]}]},{\"@type\":\"ImageObject\",\"inLanguage\":\"de\",\"@id\":\"https:\\\/\\\/vrealize.it\\\/de\\\/faq-vr-ops-haeufig-gestellte-fragen\\\/#primaryimage\",\"url\":\"https:\\\/\\\/vrealize.it\\\/wp-content\\\/uploads\\\/2016\\\/01\\\/vrealize.png\",\"contentUrl\":\"https:\\\/\\\/vrealize.it\\\/wp-content\\\/uploads\\\/2016\\\/01\\\/vrealize.png\",\"width\":345,\"height\":413},{\"@type\":\"BreadcrumbList\",\"@id\":\"https:\\\/\\\/vrealize.it\\\/de\\\/faq-vr-ops-haeufig-gestellte-fragen\\\/#breadcrumb\",\"itemListElement\":[{\"@type\":\"ListItem\",\"position\":1,\"name\":\"Startseite\",\"item\":\"https:\\\/\\\/vrealize.it\\\/de\\\/\"},{\"@type\":\"ListItem\",\"position\":2,\"name\":\"FAQ vR Ops &#8211; H\u00e4ufig gestellte Fragen\"}]},{\"@type\":\"WebSite\",\"@id\":\"https:\\\/\\\/vrealize.it\\\/de\\\/#website\",\"url\":\"https:\\\/\\\/vrealize.it\\\/de\\\/\",\"name\":\"vrealize.it - TechBlog VMware SDDC\",\"description\":\"Information zu sicherem Hybrid und Multi-Cloud Computing - dispruptive Technologien im IT- Umfeld\",\"potentialAction\":[{\"@type\":\"SearchAction\",\"target\":{\"@type\":\"EntryPoint\",\"urlTemplate\":\"https:\\\/\\\/vrealize.it\\\/de\\\/?s={search_term_string}\"},\"query-input\":{\"@type\":\"PropertyValueSpecification\",\"valueRequired\":true,\"valueName\":\"search_term_string\"}}],\"inLanguage\":\"de\"}]}<\/script>\n<!-- \/ Yoast SEO plugin. -->","yoast_head_json":{"title":"FAQ vR Ops - H\u00e4ufig gestellte Fragen &#187; vrealize.it - TechBlog VMware SDDC","robots":{"index":"index","follow":"follow","max-snippet":"max-snippet:-1","max-image-preview":"max-image-preview:large","max-video-preview":"max-video-preview:-1"},"canonical":"https:\/\/vrealize.it\/de\/faq-vr-ops-haeufig-gestellte-fragen\/","og_locale":"de_DE","og_type":"article","og_title":"FAQ vR Ops - H\u00e4ufig gestellte Fragen &#187; vrealize.it - TechBlog VMware SDDC","og_description":"&nbsp; Planung, Installation und Konfiguration Download Link f\u00fcr vRealize Operations Manager 6.x? Hier:\u00a0https:\/\/my.vmware.com\/group\/vmware\/info?slug=infrastructure_operations_management\/vmware_vrealize_operations\/6_1 Kann ich die Software testen bevor ich es installiere \/ kaufe? Ja es gibt sowohl eine Evaluationsversion als auch mehrere\u00a0\u00a0Hands-On-Labs zu vR Ops\u00a0https:\/\/www.vmware.com\/products\/vrealize-operations\/vrops-hol Insbesondere\u00a0HOL-SDC-1601 Cloud Management with vRealize Operations Insight\u00a0 ist zu empfehlen. Was muss ich vor der Installation beachten und wo\u2026 Weiterlesen &raquo;","og_url":"https:\/\/vrealize.it\/de\/faq-vr-ops-haeufig-gestellte-fragen\/","og_site_name":"vrealize.it - TechBlog VMware SDDC","article_modified_time":"2016-01-22T10:47:22+00:00","og_image":[{"width":345,"height":413,"url":"https:\/\/vrealize.it\/wp-content\/uploads\/2016\/01\/vrealize.png","type":"image\/png"}],"twitter_card":"summary_large_image","twitter_misc":{"Gesch\u00e4tzte Lesezeit":"4\u00a0Minuten"},"schema":{"@context":"https:\/\/schema.org","@graph":[{"@type":"WebPage","@id":"https:\/\/vrealize.it\/de\/faq-vr-ops-haeufig-gestellte-fragen\/","url":"https:\/\/vrealize.it\/de\/faq-vr-ops-haeufig-gestellte-fragen\/","name":"FAQ vR Ops - H\u00e4ufig gestellte Fragen &#187; vrealize.it - TechBlog VMware SDDC","isPartOf":{"@id":"https:\/\/vrealize.it\/de\/#website"},"primaryImageOfPage":{"@id":"https:\/\/vrealize.it\/de\/faq-vr-ops-haeufig-gestellte-fragen\/#primaryimage"},"image":{"@id":"https:\/\/vrealize.it\/de\/faq-vr-ops-haeufig-gestellte-fragen\/#primaryimage"},"thumbnailUrl":"https:\/\/vrealize.it\/wp-content\/uploads\/2016\/01\/vrealize.png","datePublished":"2016-01-22T10:10:53+00:00","dateModified":"2016-01-22T10:47:22+00:00","breadcrumb":{"@id":"https:\/\/vrealize.it\/de\/faq-vr-ops-haeufig-gestellte-fragen\/#breadcrumb"},"inLanguage":"de","potentialAction":[{"@type":"ReadAction","target":["https:\/\/vrealize.it\/de\/faq-vr-ops-haeufig-gestellte-fragen\/"]}]},{"@type":"ImageObject","inLanguage":"de","@id":"https:\/\/vrealize.it\/de\/faq-vr-ops-haeufig-gestellte-fragen\/#primaryimage","url":"https:\/\/vrealize.it\/wp-content\/uploads\/2016\/01\/vrealize.png","contentUrl":"https:\/\/vrealize.it\/wp-content\/uploads\/2016\/01\/vrealize.png","width":345,"height":413},{"@type":"BreadcrumbList","@id":"https:\/\/vrealize.it\/de\/faq-vr-ops-haeufig-gestellte-fragen\/#breadcrumb","itemListElement":[{"@type":"ListItem","position":1,"name":"Startseite","item":"https:\/\/vrealize.it\/de\/"},{"@type":"ListItem","position":2,"name":"FAQ vR Ops &#8211; H\u00e4ufig gestellte Fragen"}]},{"@type":"WebSite","@id":"https:\/\/vrealize.it\/de\/#website","url":"https:\/\/vrealize.it\/de\/","name":"vrealize.it - TechBlog VMware SDDC","description":"Information zu sicherem Hybrid und Multi-Cloud Computing - dispruptive Technologien im IT- Umfeld","potentialAction":[{"@type":"SearchAction","target":{"@type":"EntryPoint","urlTemplate":"https:\/\/vrealize.it\/de\/?s={search_term_string}"},"query-input":{"@type":"PropertyValueSpecification","valueRequired":true,"valueName":"search_term_string"}}],"inLanguage":"de"}]}},"_links":{"self":[{"href":"https:\/\/vrealize.it\/de\/wp-json\/wp\/v2\/pages\/2289","targetHints":{"allow":["GET"]}}],"collection":[{"href":"https:\/\/vrealize.it\/de\/wp-json\/wp\/v2\/pages"}],"about":[{"href":"https:\/\/vrealize.it\/de\/wp-json\/wp\/v2\/types\/page"}],"author":[{"embeddable":true,"href":"https:\/\/vrealize.it\/de\/wp-json\/wp\/v2\/users\/3"}],"replies":[{"embeddable":true,"href":"https:\/\/vrealize.it\/de\/wp-json\/wp\/v2\/comments?post=2289"}],"version-history":[{"count":15,"href":"https:\/\/vrealize.it\/de\/wp-json\/wp\/v2\/pages\/2289\/revisions"}],"predecessor-version":[{"id":2360,"href":"https:\/\/vrealize.it\/de\/wp-json\/wp\/v2\/pages\/2289\/revisions\/2360"}],"wp:featuredmedia":[{"embeddable":true,"href":"https:\/\/vrealize.it\/de\/wp-json\/wp\/v2\/media\/2198"}],"wp:attachment":[{"href":"https:\/\/vrealize.it\/de\/wp-json\/wp\/v2\/media?parent=2289"}],"curies":[{"name":"wp","href":"https:\/\/api.w.org\/{rel}","templated":true}]}}